{"id":972,"date":"2025-07-14T12:36:34","date_gmt":"2025-07-14T12:36:34","guid":{"rendered":"https:\/\/croatialovers.com\/contacto\/"},"modified":"2025-09-01T13:49:33","modified_gmt":"2025-09-01T13:49:33","slug":"contacto","status":"publish","type":"page","link":"https:\/\/croatialovers.com\/pt-pt\/contacto\/","title":{"rendered":"Contacte-nos agora!"},"content":{"rendered":"\n<p>N\u00e3o hesite em contactar-nos se tiver uma pergunta espec\u00edfica.\nO seu endere\u00e7o de correio eletr\u00f3nico s\u00f3 ser\u00e1 utilizado para responder \u00e0s suas perguntas atrav\u00e9s de uma conta de correio eletr\u00f3nico profissional. <\/p>\n\n<p><strong>SEM<\/strong> pedidos de marketing: N\u00e3o vendemos <strong>links<\/strong> nem publicamos artigos de convidados ou patrocinados.\nN\u00e3o perca o seu tempo, n\u00e3o vai obter uma resposta! <\/p>\n\n<hr class=\"wp-block-separator has-alpha-channel-opacity is-style-wide\"\/>\n\n<hr class=\"wp-block-separator has-alpha-channel-opacity is-style-wide\"\/>\n\n<p>Nota: <em>Este formul\u00e1rio est\u00e1 protegido contra spam pelo reCAPTCHA, a <\/em><a href=\"https:\/\/policies.google.com\/privacy\" target=\"_blank\" rel=\"noreferrer noopener\">\n  <em>pol\u00edtica de privacidade<\/em>\n<\/a><em> e pelos <\/em><a href=\"https:\/\/policies.google.com\/terms\" target=\"_blank\" rel=\"noreferrer noopener\">\n  <em>termos de utiliza\u00e7\u00e3o<\/em>\n<\/a><em> aplicam-se. <\/em> <\/p>\n","protected":false},"excerpt":{"rendered":"<p>N\u00e3o hesite em contactar-nos se tiver uma pergunta espec\u00edfica. O seu endere\u00e7o de correio eletr\u00f3nico s\u00f3 ser\u00e1 utilizado para responder \u00e0s suas perguntas atrav\u00e9s de uma conta de correio eletr\u00f3nico profissional. SEM pedidos de marketing: N\u00e3o vendemos links nem publicamos artigos de convidados ou patrocinados. N\u00e3o perca o seu tempo, n\u00e3o vai obter uma resposta! [&hellip;]<\/p>\n","protected":false},"author":1,"featured_media":0,"parent":0,"menu_order":0,"comment_status":"closed","ping_status":"closed","template":"","meta":{"_genesis_hide_title":false,"_genesis_hide_breadcrumbs":false,"_genesis_hide_singular_image":false,"_genesis_hide_footer_widgets":false,"_genesis_custom_body_class":"","_genesis_custom_post_class":"","_genesis_layout":"","footnotes":""},"class_list":{"0":"post-972","1":"page","2":"type-page","3":"status-publish","5":"entry"},"yoast_head":"<!-- This site is optimized with the Yoast SEO plugin v27.5 - https:\/\/yoast.com\/product\/yoast-seo-wordpress\/ -->\n<meta name=\"description\" content=\"P\u00e1gina de contacto da Croatia Lovers\" \/>\n<meta name=\"robots\" content=\"index, follow, max-snippet:-1, max-image-preview:large, max-video-preview:-1\" \/>\n<link rel=\"canonical\" href=\"https:\/\/croatialovers.com\/pt-pt\/contacto\/\" \/>\n<meta property=\"og:locale\" content=\"pt_PT\" \/>\n<meta property=\"og:type\" content=\"article\" \/>\n<meta property=\"og:description\" content=\"P\u00e1gina de contacto da Croatia Lovers\" \/>\n<meta property=\"og:url\" content=\"https:\/\/croatialovers.com\/pt-pt\/contacto\/\" \/>\n<meta property=\"og:site_name\" content=\"Croatia Lovers\" \/>\n<meta property=\"article:modified_time\" content=\"2025-09-01T13:49:33+00:00\" \/>\n<meta name=\"twitter:card\" content=\"summary_large_image\" \/>\n<script type=\"application\/ld+json\" class=\"yoast-schema-graph\">{\"@context\":\"https:\\\/\\\/schema.org\",\"@graph\":[{\"@type\":\"WebPage\",\"@id\":\"https:\\\/\\\/croatialovers.com\\\/pt-pt\\\/contacto\\\/\",\"url\":\"https:\\\/\\\/croatialovers.com\\\/pt-pt\\\/contacto\\\/\",\"name\":\"\",\"isPartOf\":{\"@id\":\"https:\\\/\\\/croatialovers.com\\\/pt-pt\\\/#website\"},\"datePublished\":\"2025-07-14T12:36:34+00:00\",\"dateModified\":\"2025-09-01T13:49:33+00:00\",\"description\":\"P\u00e1gina de contacto da Croatia Lovers\",\"breadcrumb\":{\"@id\":\"https:\\\/\\\/croatialovers.com\\\/pt-pt\\\/contacto\\\/#breadcrumb\"},\"inLanguage\":\"pt-PT\",\"potentialAction\":[{\"@type\":\"ReadAction\",\"target\":[\"https:\\\/\\\/croatialovers.com\\\/pt-pt\\\/contacto\\\/\"]}]},{\"@type\":\"BreadcrumbList\",\"@id\":\"https:\\\/\\\/croatialovers.com\\\/pt-pt\\\/contacto\\\/#breadcrumb\",\"itemListElement\":[{\"@type\":\"ListItem\",\"position\":1,\"name\":\"In\u00edcio\",\"item\":\"https:\\\/\\\/croatialovers.com\\\/pt-pt\\\/\"},{\"@type\":\"ListItem\",\"position\":2,\"name\":\"Contacte-nos agora!\"}]},{\"@type\":\"WebSite\",\"@id\":\"https:\\\/\\\/croatialovers.com\\\/pt-pt\\\/#website\",\"url\":\"https:\\\/\\\/croatialovers.com\\\/pt-pt\\\/\",\"name\":\"Croatia Lovers\",\"description\":\"Pour r\u00e9veiller vos sens en Croatie - Le blog de Claire et Manu\",\"publisher\":{\"@id\":\"https:\\\/\\\/croatialovers.com\\\/pt-pt\\\/#organization\"},\"potentialAction\":[{\"@type\":\"SearchAction\",\"target\":{\"@type\":\"EntryPoint\",\"urlTemplate\":\"https:\\\/\\\/croatialovers.com\\\/pt-pt\\\/?s={search_term_string}\"},\"query-input\":{\"@type\":\"PropertyValueSpecification\",\"valueRequired\":true,\"valueName\":\"search_term_string\"}}],\"inLanguage\":\"pt-PT\"},{\"@type\":\"Organization\",\"@id\":\"https:\\\/\\\/croatialovers.com\\\/pt-pt\\\/#organization\",\"name\":\"Croatia Lovers\",\"url\":\"https:\\\/\\\/croatialovers.com\\\/pt-pt\\\/\",\"logo\":{\"@type\":\"ImageObject\",\"inLanguage\":\"pt-PT\",\"@id\":\"https:\\\/\\\/croatialovers.com\\\/pt-pt\\\/#\\\/schema\\\/logo\\\/image\\\/\",\"url\":\"https:\\\/\\\/croatialovers.com\\\/wp-content\\\/uploads\\\/2025\\\/07\\\/cropped-Croatia-Lovers-Logo-principal_bicolore.bicolore.png\",\"contentUrl\":\"https:\\\/\\\/croatialovers.com\\\/wp-content\\\/uploads\\\/2025\\\/07\\\/cropped-Croatia-Lovers-Logo-principal_bicolore.bicolore.png\",\"width\":2350,\"height\":401,\"caption\":\"Croatia Lovers\"},\"image\":{\"@id\":\"https:\\\/\\\/croatialovers.com\\\/pt-pt\\\/#\\\/schema\\\/logo\\\/image\\\/\"}}]}<\/script>\n<!-- \/ Yoast SEO plugin. -->","yoast_head_json":{"description":"P\u00e1gina de contacto da Croatia Lovers","robots":{"index":"index","follow":"follow","max-snippet":"max-snippet:-1","max-image-preview":"max-image-preview:large","max-video-preview":"max-video-preview:-1"},"canonical":"https:\/\/croatialovers.com\/pt-pt\/contacto\/","og_locale":"pt_PT","og_type":"article","og_description":"P\u00e1gina de contacto da Croatia Lovers","og_url":"https:\/\/croatialovers.com\/pt-pt\/contacto\/","og_site_name":"Croatia Lovers","article_modified_time":"2025-09-01T13:49:33+00:00","twitter_card":"summary_large_image","schema":{"@context":"https:\/\/schema.org","@graph":[{"@type":"WebPage","@id":"https:\/\/croatialovers.com\/pt-pt\/contacto\/","url":"https:\/\/croatialovers.com\/pt-pt\/contacto\/","name":"","isPartOf":{"@id":"https:\/\/croatialovers.com\/pt-pt\/#website"},"datePublished":"2025-07-14T12:36:34+00:00","dateModified":"2025-09-01T13:49:33+00:00","description":"P\u00e1gina de contacto da Croatia Lovers","breadcrumb":{"@id":"https:\/\/croatialovers.com\/pt-pt\/contacto\/#breadcrumb"},"inLanguage":"pt-PT","potentialAction":[{"@type":"ReadAction","target":["https:\/\/croatialovers.com\/pt-pt\/contacto\/"]}]},{"@type":"BreadcrumbList","@id":"https:\/\/croatialovers.com\/pt-pt\/contacto\/#breadcrumb","itemListElement":[{"@type":"ListItem","position":1,"name":"In\u00edcio","item":"https:\/\/croatialovers.com\/pt-pt\/"},{"@type":"ListItem","position":2,"name":"Contacte-nos agora!"}]},{"@type":"WebSite","@id":"https:\/\/croatialovers.com\/pt-pt\/#website","url":"https:\/\/croatialovers.com\/pt-pt\/","name":"Croatia Lovers","description":"Pour r\u00e9veiller vos sens en Croatie - Le blog de Claire et Manu","publisher":{"@id":"https:\/\/croatialovers.com\/pt-pt\/#organization"},"potentialAction":[{"@type":"SearchAction","target":{"@type":"EntryPoint","urlTemplate":"https:\/\/croatialovers.com\/pt-pt\/?s={search_term_string}"},"query-input":{"@type":"PropertyValueSpecification","valueRequired":true,"valueName":"search_term_string"}}],"inLanguage":"pt-PT"},{"@type":"Organization","@id":"https:\/\/croatialovers.com\/pt-pt\/#organization","name":"Croatia Lovers","url":"https:\/\/croatialovers.com\/pt-pt\/","logo":{"@type":"ImageObject","inLanguage":"pt-PT","@id":"https:\/\/croatialovers.com\/pt-pt\/#\/schema\/logo\/image\/","url":"https:\/\/croatialovers.com\/wp-content\/uploads\/2025\/07\/cropped-Croatia-Lovers-Logo-principal_bicolore.bicolore.png","contentUrl":"https:\/\/croatialovers.com\/wp-content\/uploads\/2025\/07\/cropped-Croatia-Lovers-Logo-principal_bicolore.bicolore.png","width":2350,"height":401,"caption":"Croatia Lovers"},"image":{"@id":"https:\/\/croatialovers.com\/pt-pt\/#\/schema\/logo\/image\/"}}]}},"featured_image_src":null,"featured_image_src_square":null,"_links":{"self":[{"href":"https:\/\/croatialovers.com\/pt-pt\/wp-json\/wp\/v2\/pages\/972","targetHints":{"allow":["GET"]}}],"collection":[{"href":"https:\/\/croatialovers.com\/pt-pt\/wp-json\/wp\/v2\/pages"}],"about":[{"href":"https:\/\/croatialovers.com\/pt-pt\/wp-json\/wp\/v2\/types\/page"}],"author":[{"embeddable":true,"href":"https:\/\/croatialovers.com\/pt-pt\/wp-json\/wp\/v2\/users\/1"}],"replies":[{"embeddable":true,"href":"https:\/\/croatialovers.com\/pt-pt\/wp-json\/wp\/v2\/comments?post=972"}],"version-history":[{"count":0,"href":"https:\/\/croatialovers.com\/pt-pt\/wp-json\/wp\/v2\/pages\/972\/revisions"}],"wp:attachment":[{"href":"https:\/\/croatialovers.com\/pt-pt\/wp-json\/wp\/v2\/media?parent=972"}],"curies":[{"name":"wp","href":"https:\/\/api.w.org\/{rel}","templated":true}]}}